{"id":2456,"date":"2024-06-25T16:08:31","date_gmt":"2024-06-25T19:08:31","guid":{"rendered":"https:\/\/solartechargentina.com\/?page_id=2456"},"modified":"2024-10-18T10:54:03","modified_gmt":"2024-10-18T13:54:03","slug":"termotanques-solares","status":"publish","type":"page","link":"https:\/\/solartechargentina.com\/index.php\/termotanques-solares\/","title":{"rendered":"Termotanques solares"},"content":{"rendered":"\t\t<div data-elementor-type=\"wp-page\" data-elementor-id=\"2456\" class=\"elementor elementor-2456\" data-elementor-post-type=\"page\">\n\t\t\t\t\t\t<section class=\"elementor-section elementor-top-section elementor-element elementor-element-f2827fe elementor-section-height-min-height elementor-section-boxed elementor-section-height-default elementor-section-items-middle wpr-particle-no wpr-jarallax-no wpr-parallax-no wpr-sticky-section-no\" data-id=\"f2827fe\" data-element_type=\"section\" data-settings=\"{&quot;background_background&quot;:&quot;classic&quot;}\">\n\t\t\t\t\t\t\t<div class=\"elementor-background-overlay\"><\/div>\n\t\t\t\t\t\t\t<div class=\"elementor-container elementor-column-gap-default\">\n\t\t\t\t\t<div class=\"elementor-column elementor-col-100 elementor-top-column elementor-element elementor-element-797d332\" data-id=\"797d332\" data-element_type=\"column\">\n\t\t\t<div class=\"elementor-widget-wrap elementor-element-populated\">\n\t\t\t\t\t\t<div class=\"elementor-element elementor-element-a22d1d4 elementor-widget elementor-widget-heading\" data-id=\"a22d1d4\" data-element_type=\"widget\" data-widget_type=\"heading.default\">\n\t\t\t\t<div class=\"elementor-widget-container\">\n\t\t\t<h2 class=\"elementor-heading-title elementor-size-default\">Termotanques solares<\/h2>\t\t<\/div>\n\t\t\t\t<\/div>\n\t\t\t\t\t<\/div>\n\t\t<\/div>\n\t\t\t\t\t<\/div>\n\t\t<\/section>\n\t\t\t\t<section class=\"elementor-section elementor-top-section elementor-element elementor-element-cd1e87a elementor-section-boxed elementor-section-height-default elementor-section-height-default wpr-particle-no wpr-jarallax-no wpr-parallax-no wpr-sticky-section-no elementor-invisible\" data-id=\"cd1e87a\" data-element_type=\"section\" data-settings=\"{&quot;animation&quot;:&quot;zoomIn&quot;}\">\n\t\t\t\t\t\t<div class=\"elementor-container elementor-column-gap-default\">\n\t\t\t\t\t<div class=\"elementor-column elementor-col-50 elementor-top-column elementor-element elementor-element-0b63467\" data-id=\"0b63467\" data-element_type=\"column\">\n\t\t\t<div class=\"elementor-widget-wrap elementor-element-populated\">\n\t\t\t\t\t\t<div class=\"elementor-element elementor-element-f0219b5 elementor-widget elementor-widget-heading\" data-id=\"f0219b5\" data-element_type=\"widget\" data-widget_type=\"heading.default\">\n\t\t\t\t<div class=\"elementor-widget-container\">\n\t\t\t<h2 class=\"elementor-heading-title elementor-size-default\">Energ\u00eda solar t\u00e9rmica<\/h2>\t\t<\/div>\n\t\t\t\t<\/div>\n\t\t\t\t<div class=\"elementor-element elementor-element-89f07c2 elementor-widget elementor-widget-text-editor\" data-id=\"89f07c2\" data-element_type=\"widget\" data-widget_type=\"text-editor.default\">\n\t\t\t\t<div class=\"elementor-widget-container\">\n\t\t\t\t\t\t\t<p>La&nbsp;<b>energ\u00eda solar&nbsp;t\u00e9rmica<\/b>&nbsp;o&nbsp;<b>energ\u00eda termosolar<\/b>&nbsp;consiste en el aprovechamiento de la energ\u00eda del sol para producir calor que puede aprovecharse &nbsp;para la producci\u00f3n de agua caliente destinada al consumo&nbsp; dom\u00e9stico,&nbsp; ya sea agua caliente sanitaria o calefacci\u00f3n.<br>A trav\u00e9s de este principio de funcionamiento, fabricamos nuestros&nbsp;<b>termotanques solares.<\/b><\/p>\t\t\t\t\t\t<\/div>\n\t\t\t\t<\/div>\n\t\t\t\t\t<\/div>\n\t\t<\/div>\n\t\t\t\t<div class=\"elementor-column elementor-col-50 elementor-top-column elementor-element elementor-element-b2c7e03\" data-id=\"b2c7e03\" data-element_type=\"column\">\n\t\t\t<div class=\"elementor-widget-wrap elementor-element-populated\">\n\t\t\t\t\t\t<div class=\"elementor-element elementor-element-66f2218 elementor-widget elementor-widget-image\" data-id=\"66f2218\" data-element_type=\"widget\" data-widget_type=\"image.default\">\n\t\t\t\t<div class=\"elementor-widget-container\">\n\t\t\t\t\t\t\t\t\t\t\t\t\t<img fetchpriority=\"high\" decoding=\"async\" width=\"300\" height=\"227\" src=\"https:\/\/solartechargentina.com\/wp-content\/uploads\/2024\/07\/termosolar-300x227.jpg\" class=\"attachment-medium size-medium wp-image-2768\" alt=\"\" srcset=\"https:\/\/solartechargentina.com\/wp-content\/uploads\/2024\/07\/termosolar-300x227.jpg 300w, https:\/\/solartechargentina.com\/wp-content\/uploads\/2024\/07\/termosolar-768x581.jpg 768w, https:\/\/solartechargentina.com\/wp-content\/uploads\/2024\/07\/termosolar.jpg 1000w\" sizes=\"(max-width: 300px) 100vw, 300px\" \/>\t\t\t\t\t\t\t\t\t\t\t\t\t<\/div>\n\t\t\t\t<\/div>\n\t\t\t\t\t<\/div>\n\t\t<\/div>\n\t\t\t\t\t<\/div>\n\t\t<\/section>\n\t\t\t\t<section class=\"elementor-section elementor-top-section elementor-element elementor-element-7ff084b elementor-section-boxed elementor-section-height-default elementor-section-height-default wpr-particle-no wpr-jarallax-no wpr-parallax-no wpr-sticky-section-no\" data-id=\"7ff084b\" data-element_type=\"section\" data-settings=\"{&quot;background_background&quot;:&quot;classic&quot;}\">\n\t\t\t\t\t\t\t<div class=\"elementor-background-overlay\"><\/div>\n\t\t\t\t\t\t\t<div class=\"elementor-container elementor-column-gap-default\">\n\t\t\t\t\t<div class=\"elementor-column elementor-col-100 elementor-top-column elementor-element elementor-element-dfe7fb8\" data-id=\"dfe7fb8\" data-element_type=\"column\">\n\t\t\t<div class=\"elementor-widget-wrap elementor-element-populated\">\n\t\t\t\t\t\t<div class=\"elementor-element elementor-element-f4f812a elementor-widget elementor-widget-heading\" data-id=\"f4f812a\" data-element_type=\"widget\" data-widget_type=\"heading.default\">\n\t\t\t\t<div class=\"elementor-widget-container\">\n\t\t\t<h2 class=\"elementor-heading-title elementor-size-default\">ped\u00ed tu presupuesto<\/h2>\t\t<\/div>\n\t\t\t\t<\/div>\n\t\t\t\t<div class=\"elementor-element elementor-element-6aabc90 elementor-align-center elementor-widget elementor-widget-button\" data-id=\"6aabc90\" data-element_type=\"widget\" data-widget_type=\"button.default\">\n\t\t\t\t<div class=\"elementor-widget-container\">\n\t\t\t\t\t<div class=\"elementor-button-wrapper\">\n\t\t\t<a class=\"elementor-button elementor-button-link elementor-size-sm\" href=\"https:\/\/solartechargentina.com\/index.php\/contacto\/\">\n\t\t\t\t\t\t<span class=\"elementor-button-content-wrapper\">\n\t\t\t\t\t\t\t\t\t<span class=\"elementor-button-text\">Haz clic aqu\u00ed<\/span>\n\t\t\t\t\t<\/span>\n\t\t\t\t\t<\/a>\n\t\t<\/div>\n\t\t\t\t<\/div>\n\t\t\t\t<\/div>\n\t\t\t\t\t<\/div>\n\t\t<\/div>\n\t\t\t\t\t<\/div>\n\t\t<\/section>\n\t\t<div class=\"elementor-element elementor-element-9b91598 e-flex e-con-boxed wpr-particle-no wpr-jarallax-no wpr-parallax-no wpr-sticky-section-no e-con e-parent\" data-id=\"9b91598\" data-element_type=\"container\">\n\t\t\t\t\t<div class=\"e-con-inner\">\n\t\t\t\t<div class=\"elementor-element elementor-element-9c606a7 elementor-widget elementor-widget-spacer\" data-id=\"9c606a7\" data-element_type=\"widget\" data-widget_type=\"spacer.default\">\n\t\t\t\t<div class=\"elementor-widget-container\">\n\t\t\t\t\t<div class=\"elementor-spacer\">\n\t\t\t<div class=\"elementor-spacer-inner\"><\/div>\n\t\t<\/div>\n\t\t\t\t<\/div>\n\t\t\t\t<\/div>\n\t\t\t\t\t<\/div>\n\t\t\t\t<\/div>\n\t\t\t\t<\/div>\n\t\t","protected":false},"excerpt":{"rendered":"<p>Termotanques solares Energ\u00eda solar t\u00e9rmica La&nbsp;energ\u00eda solar&nbsp;t\u00e9rmica&nbsp;o&nbsp;energ\u00eda termosolar&nbsp;consiste en el aprovechamiento de la energ\u00eda del sol para producir calor que puede aprovecharse &nbsp;para la producci\u00f3n de agua caliente destinada al consumo&nbsp; dom\u00e9stico,&nbsp; ya sea agua caliente sanitaria o calefacci\u00f3n.A trav\u00e9s de este principio de funcionamiento, fabricamos nuestros&nbsp;termotanques solares. ped\u00ed tu presupuesto Haz clic aqu\u00ed<\/p>\n","protected":false},"author":1,"featured_media":0,"parent":0,"menu_order":0,"comment_status":"closed","ping_status":"closed","template":"elementor_canvas","meta":{"_joinchat":[],"footnotes":""},"_links":{"self":[{"href":"https:\/\/solartechargentina.com\/index.php\/wp-json\/wp\/v2\/pages\/2456"}],"collection":[{"href":"https:\/\/solartechargentina.com\/index.php\/wp-json\/wp\/v2\/pages"}],"about":[{"href":"https:\/\/solartechargentina.com\/index.php\/wp-json\/wp\/v2\/types\/page"}],"author":[{"embeddable":true,"href":"https:\/\/solartechargentina.com\/index.php\/wp-json\/wp\/v2\/users\/1"}],"replies":[{"embeddable":true,"href":"https:\/\/solartechargentina.com\/index.php\/wp-json\/wp\/v2\/comments?post=2456"}],"version-history":[{"count":43,"href":"https:\/\/solartechargentina.com\/index.php\/wp-json\/wp\/v2\/pages\/2456\/revisions"}],"predecessor-version":[{"id":4867,"href":"https:\/\/solartechargentina.com\/index.php\/wp-json\/wp\/v2\/pages\/2456\/revisions\/4867"}],"wp:attachment":[{"href":"https:\/\/solartechargentina.com\/index.php\/wp-json\/wp\/v2\/media?parent=2456"}],"curies":[{"name":"wp","href":"https:\/\/api.w.org\/{rel}","templated":true}]}}