{"id":2401,"date":"2024-06-25T14:33:25","date_gmt":"2024-06-25T17:33:25","guid":{"rendered":"https:\/\/solartechargentina.com\/?page_id=2401"},"modified":"2024-10-18T10:54:51","modified_gmt":"2024-10-18T13:54:51","slug":"sistemas-on-grid","status":"publish","type":"page","link":"https:\/\/solartechargentina.com\/index.php\/sistemas-on-grid\/","title":{"rendered":"Sistemas On-Grid"},"content":{"rendered":"\t\t<div data-elementor-type=\"wp-page\" data-elementor-id=\"2401\" class=\"elementor elementor-2401\" data-elementor-post-type=\"page\">\n\t\t\t\t\t\t<section class=\"elementor-section elementor-top-section elementor-element elementor-element-f2827fe elementor-section-height-min-height elementor-section-boxed elementor-section-height-default elementor-section-items-middle wpr-particle-no wpr-jarallax-no wpr-parallax-no wpr-sticky-section-no\" data-id=\"f2827fe\" data-element_type=\"section\" data-settings=\"{&quot;background_background&quot;:&quot;classic&quot;}\">\n\t\t\t\t\t\t\t<div class=\"elementor-background-overlay\"><\/div>\n\t\t\t\t\t\t\t<div class=\"elementor-container elementor-column-gap-default\">\n\t\t\t\t\t<div class=\"elementor-column elementor-col-100 elementor-top-column elementor-element elementor-element-797d332\" data-id=\"797d332\" data-element_type=\"column\">\n\t\t\t<div class=\"elementor-widget-wrap elementor-element-populated\">\n\t\t\t\t\t\t<div class=\"elementor-element elementor-element-a22d1d4 elementor-widget elementor-widget-heading\" data-id=\"a22d1d4\" data-element_type=\"widget\" data-widget_type=\"heading.default\">\n\t\t\t\t<div class=\"elementor-widget-container\">\n\t\t\t<h2 class=\"elementor-heading-title elementor-size-default\">Sistemas On-Grid<\/h2>\t\t<\/div>\n\t\t\t\t<\/div>\n\t\t\t\t\t<\/div>\n\t\t<\/div>\n\t\t\t\t\t<\/div>\n\t\t<\/section>\n\t\t\t\t<section class=\"elementor-section elementor-top-section elementor-element elementor-element-cd1e87a elementor-section-boxed elementor-section-height-default elementor-section-height-default wpr-particle-no wpr-jarallax-no wpr-parallax-no wpr-sticky-section-no elementor-invisible\" data-id=\"cd1e87a\" data-element_type=\"section\" data-settings=\"{&quot;animation&quot;:&quot;zoomIn&quot;}\">\n\t\t\t\t\t\t<div class=\"elementor-container elementor-column-gap-default\">\n\t\t\t\t\t<div class=\"elementor-column elementor-col-50 elementor-top-column elementor-element elementor-element-0b63467\" data-id=\"0b63467\" data-element_type=\"column\">\n\t\t\t<div class=\"elementor-widget-wrap elementor-element-populated\">\n\t\t\t\t\t\t<div class=\"elementor-element elementor-element-f0219b5 elementor-widget elementor-widget-heading\" data-id=\"f0219b5\" data-element_type=\"widget\" data-widget_type=\"heading.default\">\n\t\t\t\t<div class=\"elementor-widget-container\">\n\t\t\t<h2 class=\"elementor-heading-title elementor-size-default\">\u00bfEn que consiste?<\/h2>\t\t<\/div>\n\t\t\t\t<\/div>\n\t\t\t\t<div class=\"elementor-element elementor-element-7a834f8 elementor-widget elementor-widget-text-editor\" data-id=\"7a834f8\" data-element_type=\"widget\" data-widget_type=\"text-editor.default\">\n\t\t\t\t<div class=\"elementor-widget-container\">\n\t\t\t\t\t\t\t<p>Un sistema<strong> On Grid, <\/strong>es un equipo de generaci\u00f3n de energ\u00eda el\u00e9ctrica a partir del sol, que est\u00e1 conectado a la red el\u00e9ctrica p\u00fablica. No utiliza bater\u00edas. Provee la electricidad demandada en la vivienda y el resto se inyecta a la red p\u00fablica. La red toma como cr\u00e9dito el aporte realizado por tu instalaci\u00f3n. Luego, este excedente de energ\u00eda, puede ser utilizado durante el transcurso de un a\u00f1o seg\u00fan la legislaci\u00f3n de cada provincia.<\/p>\t\t\t\t\t\t<\/div>\n\t\t\t\t<\/div>\n\t\t\t\t\t<\/div>\n\t\t<\/div>\n\t\t\t\t<div class=\"elementor-column elementor-col-50 elementor-top-column elementor-element elementor-element-b2c7e03\" data-id=\"b2c7e03\" data-element_type=\"column\">\n\t\t\t<div class=\"elementor-widget-wrap elementor-element-populated\">\n\t\t\t\t\t\t<div class=\"elementor-element elementor-element-66f2218 elementor-widget elementor-widget-image\" data-id=\"66f2218\" data-element_type=\"widget\" data-widget_type=\"image.default\">\n\t\t\t\t<div class=\"elementor-widget-container\">\n\t\t\t\t\t\t\t\t\t\t\t\t\t<img fetchpriority=\"high\" decoding=\"async\" width=\"300\" height=\"300\" src=\"https:\/\/solartechargentina.com\/wp-content\/uploads\/2024\/07\/D_696533-MLA75193497433_032024-C-300x300.jpg\" class=\"attachment-medium size-medium wp-image-2747\" alt=\"\" srcset=\"https:\/\/solartechargentina.com\/wp-content\/uploads\/2024\/07\/D_696533-MLA75193497433_032024-C-300x300.jpg 300w, https:\/\/solartechargentina.com\/wp-content\/uploads\/2024\/07\/D_696533-MLA75193497433_032024-C-150x150.jpg 150w, https:\/\/solartechargentina.com\/wp-content\/uploads\/2024\/07\/D_696533-MLA75193497433_032024-C.jpg 400w\" sizes=\"(max-width: 300px) 100vw, 300px\" \/>\t\t\t\t\t\t\t\t\t\t\t\t\t<\/div>\n\t\t\t\t<\/div>\n\t\t\t\t\t<\/div>\n\t\t<\/div>\n\t\t\t\t\t<\/div>\n\t\t<\/section>\n\t\t<div class=\"elementor-element elementor-element-b8f366e e-con-full e-flex wpr-particle-no wpr-jarallax-no wpr-parallax-no wpr-sticky-section-no e-con e-parent\" data-id=\"b8f366e\" data-element_type=\"container\">\n\t\t<div class=\"elementor-element elementor-element-55a4fc0 e-con-full e-flex wpr-particle-no wpr-jarallax-no wpr-parallax-no wpr-sticky-section-no e-con e-child\" data-id=\"55a4fc0\" data-element_type=\"container\">\n\t\t<div class=\"elementor-element elementor-element-485aada e-con-full e-flex wpr-particle-no wpr-jarallax-no wpr-parallax-no wpr-sticky-section-no elementor-invisible e-con e-child\" data-id=\"485aada\" data-element_type=\"container\" data-settings=\"{&quot;animation&quot;:&quot;slideInLeft&quot;,&quot;animation_delay&quot;:300}\">\n\t\t\t\t<div class=\"elementor-element elementor-element-f78ae00 elementor-widget elementor-widget-heading\" data-id=\"f78ae00\" data-element_type=\"widget\" data-widget_type=\"heading.default\">\n\t\t\t\t<div class=\"elementor-widget-container\">\n\t\t\t<h2 class=\"elementor-heading-title elementor-size-default\">Growatt Shine Wifi X<\/h2>\t\t<\/div>\n\t\t\t\t<\/div>\n\t\t\t\t<div class=\"elementor-element elementor-element-2252cd3 elementor-widget elementor-widget-text-editor\" data-id=\"2252cd3\" data-element_type=\"widget\" data-widget_type=\"text-editor.default\">\n\t\t\t\t<div class=\"elementor-widget-container\">\n\t\t\t\t\t\t\t<p>El Growatt Shine WiFi X es un dispositivo avanzado de monitoreo y comunicaci\u00f3n para sistemas de energ\u00eda solar. Este equipo permite la supervisi\u00f3n en tiempo real de los sistemas fotovoltaicos a trav\u00e9s de una conexi\u00f3n WiFi, ofreciendo datos precisos y actualizados sobre el rendimiento y la eficiencia de la instalaci\u00f3n solar. Su dise\u00f1o compacto y f\u00e1cil de instalar lo convierte en una soluci\u00f3n ideal para usuarios que desean optimizar y controlar su producci\u00f3n de energ\u00eda solar desde cualquier lugar utilizando una plataforma digital.<\/p>\t\t\t\t\t\t<\/div>\n\t\t\t\t<\/div>\n\t\t\t\t<\/div>\n\t\t<div class=\"elementor-element elementor-element-f24e264 e-con-full e-flex wpr-particle-no wpr-jarallax-no wpr-parallax-no wpr-sticky-section-no e-con e-child\" data-id=\"f24e264\" data-element_type=\"container\">\n\t\t\t\t<div class=\"elementor-element elementor-element-a6b5a8e elementor-invisible elementor-widget elementor-widget-image\" data-id=\"a6b5a8e\" data-element_type=\"widget\" data-settings=\"{&quot;_animation&quot;:&quot;slideInLeft&quot;}\" data-widget_type=\"image.default\">\n\t\t\t\t<div class=\"elementor-widget-container\">\n\t\t\t\t\t\t\t\t\t\t\t\t\t<img decoding=\"async\" width=\"461\" height=\"435\" src=\"https:\/\/solartechargentina.com\/wp-content\/uploads\/2024\/07\/monitoring-do-fotowoltaiki-dongiel-wifix.webp\" class=\"attachment-large size-large wp-image-4496\" alt=\"\" srcset=\"https:\/\/solartechargentina.com\/wp-content\/uploads\/2024\/07\/monitoring-do-fotowoltaiki-dongiel-wifix.webp 461w, https:\/\/solartechargentina.com\/wp-content\/uploads\/2024\/07\/monitoring-do-fotowoltaiki-dongiel-wifix-300x283.webp 300w\" sizes=\"(max-width: 461px) 100vw, 461px\" \/>\t\t\t\t\t\t\t\t\t\t\t\t\t<\/div>\n\t\t\t\t<\/div>\n\t\t\t\t<\/div>\n\t\t<div class=\"elementor-element elementor-element-7ba6265 e-con-full e-flex wpr-particle-no wpr-jarallax-no wpr-parallax-no wpr-sticky-section-no elementor-invisible e-con e-child\" data-id=\"7ba6265\" data-element_type=\"container\" data-settings=\"{&quot;animation&quot;:&quot;slideInRight&quot;}\">\n\t\t\t\t<div class=\"elementor-element elementor-element-b510c4d elementor-widget elementor-widget-image\" data-id=\"b510c4d\" data-element_type=\"widget\" data-widget_type=\"image.default\">\n\t\t\t\t<div class=\"elementor-widget-container\">\n\t\t\t\t\t\t\t\t\t\t\t\t\t<img decoding=\"async\" width=\"500\" height=\"348\" src=\"https:\/\/solartechargentina.com\/wp-content\/uploads\/2024\/07\/Growatt-ShinePhone-app-2-1.webp\" class=\"attachment-large size-large wp-image-4497\" alt=\"\" srcset=\"https:\/\/solartechargentina.com\/wp-content\/uploads\/2024\/07\/Growatt-ShinePhone-app-2-1.webp 500w, https:\/\/solartechargentina.com\/wp-content\/uploads\/2024\/07\/Growatt-ShinePhone-app-2-1-300x209.webp 300w\" sizes=\"(max-width: 500px) 100vw, 500px\" \/>\t\t\t\t\t\t\t\t\t\t\t\t\t<\/div>\n\t\t\t\t<\/div>\n\t\t\t\t<\/div>\n\t\t<div class=\"elementor-element elementor-element-46bd051 e-con-full e-flex wpr-particle-no wpr-jarallax-no wpr-parallax-no wpr-sticky-section-no elementor-invisible e-con e-child\" data-id=\"46bd051\" data-element_type=\"container\" data-settings=\"{&quot;animation&quot;:&quot;slideInRight&quot;,&quot;animation_delay&quot;:300}\">\n\t\t\t\t<div class=\"elementor-element elementor-element-4371bd6 elementor-widget elementor-widget-heading\" data-id=\"4371bd6\" data-element_type=\"widget\" data-widget_type=\"heading.default\">\n\t\t\t\t<div class=\"elementor-widget-container\">\n\t\t\t<h2 class=\"elementor-heading-title elementor-size-default\">ShinePhone<\/h2>\t\t<\/div>\n\t\t\t\t<\/div>\n\t\t\t\t<div class=\"elementor-element elementor-element-b2bfa96 elementor-widget elementor-widget-text-editor\" data-id=\"b2bfa96\" data-element_type=\"widget\" data-widget_type=\"text-editor.default\">\n\t\t\t\t<div class=\"elementor-widget-container\">\n\t\t\t\t\t\t\t<p>Inicio de sesi\u00f3n de Growatt en la aplicaci\u00f3n ShinePhone: acceso c\u00f3modo a la energ\u00eda fotovoltaica monitoreo del sistema. Hoy en d\u00eda, la energ\u00eda fotovoltaica se ha convertido en una soluci\u00f3n popular para particulares y empresas que buscan fuentes de energ\u00eda renovables. Sin embargo, para gestionar eficazmente un sistema fotovoltaico y controlar su rendimiento, necesitamos acceder a las herramientas adecuadas. Una de esas herramientas es la aplicaci\u00f3n de usuario Growatt ShinePhone, que permite registrar y monitorear c\u00f3modamente el sistema. En el siguiente art\u00edculo discutiremos c\u00f3mo utilizar esta aplicaci\u00f3n.<\/p>\t\t\t\t\t\t<\/div>\n\t\t\t\t<\/div>\n\t\t\t\t<\/div>\n\t\t\t\t<\/div>\n\t\t\t\t<\/div>\n\t\t<div class=\"elementor-element elementor-element-a7e5389 e-flex e-con-boxed wpr-particle-no wpr-jarallax-no wpr-parallax-no wpr-sticky-section-no e-con e-parent\" data-id=\"a7e5389\" data-element_type=\"container\" data-settings=\"{&quot;background_background&quot;:&quot;slideshow&quot;,&quot;background_slideshow_gallery&quot;:[{&quot;id&quot;:2956,&quot;url&quot;:&quot;https:\\\/\\\/solartechargentina.com\\\/wp-content\\\/uploads\\\/2024\\\/07\\\/fondo.png&quot;}],&quot;background_slideshow_loop&quot;:&quot;yes&quot;,&quot;background_slideshow_slide_duration&quot;:5000,&quot;background_slideshow_slide_transition&quot;:&quot;fade&quot;,&quot;background_slideshow_transition_duration&quot;:500}\">\n\t\t\t\t\t<div class=\"e-con-inner\">\n\t\t\t\t<div class=\"elementor-element elementor-element-b198f06 elementor-widget elementor-widget-heading\" data-id=\"b198f06\" data-element_type=\"widget\" data-widget_type=\"heading.default\">\n\t\t\t\t<div class=\"elementor-widget-container\">\n\t\t\t<h2 class=\"elementor-heading-title elementor-size-default\">\u00bfSabias que es posible generar energ\u00eda para tu propio uso, y el excedente, inyectarlo a la red nacional?<\/h2>\t\t<\/div>\n\t\t\t\t<\/div>\n\t\t<div class=\"elementor-element elementor-element-853bd5f e-con-full e-flex wpr-particle-no wpr-jarallax-no wpr-parallax-no wpr-sticky-section-no e-con e-child\" data-id=\"853bd5f\" data-element_type=\"container\">\n\t\t\t\t<div class=\"elementor-element elementor-element-e34c2fb elementor-align-center elementor-widget elementor-widget-button\" data-id=\"e34c2fb\" data-element_type=\"widget\" data-widget_type=\"button.default\">\n\t\t\t\t<div class=\"elementor-widget-container\">\n\t\t\t\t\t<div class=\"elementor-button-wrapper\">\n\t\t\t<a class=\"elementor-button elementor-button-link elementor-size-sm\" href=\"https:\/\/www.argentina.gob.ar\/sites\/default\/files\/2018\/08\/ley-27424_actualizado.pdf\">\n\t\t\t\t\t\t<span class=\"elementor-button-content-wrapper\">\n\t\t\t\t\t\t\t\t\t<span class=\"elementor-button-text\">Ley de generaci\u00f3n distribuida<\/span>\n\t\t\t\t\t<\/span>\n\t\t\t\t\t<\/a>\n\t\t<\/div>\n\t\t\t\t<\/div>\n\t\t\t\t<\/div>\n\t\t\t\t<\/div>\n\t\t\t\t\t<\/div>\n\t\t\t\t<\/div>\n\t\t\t\t<section class=\"elementor-section elementor-top-section elementor-element elementor-element-7ff084b elementor-section-boxed elementor-section-height-default elementor-section-height-default wpr-particle-no wpr-jarallax-no wpr-parallax-no wpr-sticky-section-no\" data-id=\"7ff084b\" data-element_type=\"section\" data-settings=\"{&quot;background_background&quot;:&quot;classic&quot;}\">\n\t\t\t\t\t\t\t<div class=\"elementor-background-overlay\"><\/div>\n\t\t\t\t\t\t\t<div class=\"elementor-container elementor-column-gap-default\">\n\t\t\t\t\t<div class=\"elementor-column elementor-col-100 elementor-top-column elementor-element elementor-element-dfe7fb8\" data-id=\"dfe7fb8\" data-element_type=\"column\">\n\t\t\t<div class=\"elementor-widget-wrap elementor-element-populated\">\n\t\t\t\t\t\t<div class=\"elementor-element elementor-element-f4f812a elementor-widget elementor-widget-heading\" data-id=\"f4f812a\" data-element_type=\"widget\" data-widget_type=\"heading.default\">\n\t\t\t\t<div class=\"elementor-widget-container\">\n\t\t\t<h2 class=\"elementor-heading-title elementor-size-default\">ped\u00ed tu presupuesto<\/h2>\t\t<\/div>\n\t\t\t\t<\/div>\n\t\t\t\t<div class=\"elementor-element elementor-element-6aabc90 elementor-align-center elementor-widget elementor-widget-button\" data-id=\"6aabc90\" data-element_type=\"widget\" data-widget_type=\"button.default\">\n\t\t\t\t<div class=\"elementor-widget-container\">\n\t\t\t\t\t<div class=\"elementor-button-wrapper\">\n\t\t\t<a class=\"elementor-button elementor-button-link elementor-size-sm\" href=\"https:\/\/solartechargentina.com\/index.php\/contacto\/\">\n\t\t\t\t\t\t<span class=\"elementor-button-content-wrapper\">\n\t\t\t\t\t\t\t\t\t<span class=\"elementor-button-text\">Haz clic aqu\u00ed<\/span>\n\t\t\t\t\t<\/span>\n\t\t\t\t\t<\/a>\n\t\t<\/div>\n\t\t\t\t<\/div>\n\t\t\t\t<\/div>\n\t\t\t\t\t<\/div>\n\t\t<\/div>\n\t\t\t\t\t<\/div>\n\t\t<\/section>\n\t\t<div class=\"elementor-element elementor-element-9b91598 e-flex e-con-boxed wpr-particle-no wpr-jarallax-no wpr-parallax-no wpr-sticky-section-no e-con e-parent\" data-id=\"9b91598\" data-element_type=\"container\">\n\t\t\t\t\t<div class=\"e-con-inner\">\n\t\t\t\t<div class=\"elementor-element elementor-element-9c606a7 elementor-widget elementor-widget-spacer\" data-id=\"9c606a7\" data-element_type=\"widget\" data-widget_type=\"spacer.default\">\n\t\t\t\t<div class=\"elementor-widget-container\">\n\t\t\t\t\t<div class=\"elementor-spacer\">\n\t\t\t<div class=\"elementor-spacer-inner\"><\/div>\n\t\t<\/div>\n\t\t\t\t<\/div>\n\t\t\t\t<\/div>\n\t\t\t\t\t<\/div>\n\t\t\t\t<\/div>\n\t\t\t\t<\/div>\n\t\t","protected":false},"excerpt":{"rendered":"<p>Sistemas On-Grid \u00bfEn que consiste? Un sistema On Grid, es un equipo de generaci\u00f3n de energ\u00eda el\u00e9ctrica a partir del sol, que est\u00e1 conectado a la red el\u00e9ctrica p\u00fablica. No utiliza bater\u00edas. Provee la electricidad demandada en la vivienda y el resto se inyecta a la red p\u00fablica. La red toma como cr\u00e9dito el aporte realizado por tu instalaci\u00f3n. Luego, este excedente de energ\u00eda, puede ser utilizado durante el transcurso de un a\u00f1o seg\u00fan la legislaci\u00f3n de cada provincia. Growatt Shine Wifi X El Growatt Shine WiFi X es un dispositivo avanzado de monitoreo y comunicaci\u00f3n para sistemas de energ\u00eda solar. Este equipo permite la supervisi\u00f3n en tiempo real de los sistemas fotovoltaicos a trav\u00e9s de una conexi\u00f3n WiFi, ofreciendo datos precisos y actualizados sobre el rendimiento y la eficiencia de la instalaci\u00f3n solar. Su dise\u00f1o compacto y f\u00e1cil de instalar lo convierte en una soluci\u00f3n ideal para usuarios que desean optimizar y controlar su producci\u00f3n de energ\u00eda solar desde cualquier lugar utilizando una plataforma digital. ShinePhone Inicio de sesi\u00f3n de Growatt en la aplicaci\u00f3n ShinePhone: acceso c\u00f3modo a la energ\u00eda fotovoltaica monitoreo del sistema. Hoy en d\u00eda, la energ\u00eda fotovoltaica se ha convertido en una soluci\u00f3n popular para particulares y empresas que buscan fuentes de energ\u00eda renovables. Sin embargo, para gestionar eficazmente un sistema fotovoltaico y controlar su rendimiento, necesitamos acceder a las herramientas adecuadas. Una de esas herramientas es la aplicaci\u00f3n de usuario Growatt ShinePhone, que permite registrar y monitorear c\u00f3modamente el sistema. En el siguiente art\u00edculo discutiremos c\u00f3mo utilizar esta aplicaci\u00f3n. \u00bfSabias que es posible generar energ\u00eda para tu propio uso, y el excedente, inyectarlo a la red nacional? Ley de generaci\u00f3n distribuida ped\u00ed tu presupuesto Haz clic aqu\u00ed<\/p>\n","protected":false},"author":1,"featured_media":0,"parent":0,"menu_order":0,"comment_status":"closed","ping_status":"closed","template":"elementor_canvas","meta":{"_joinchat":[],"footnotes":""},"_links":{"self":[{"href":"https:\/\/solartechargentina.com\/index.php\/wp-json\/wp\/v2\/pages\/2401"}],"collection":[{"href":"https:\/\/solartechargentina.com\/index.php\/wp-json\/wp\/v2\/pages"}],"about":[{"href":"https:\/\/solartechargentina.com\/index.php\/wp-json\/wp\/v2\/types\/page"}],"author":[{"embeddable":true,"href":"https:\/\/solartechargentina.com\/index.php\/wp-json\/wp\/v2\/users\/1"}],"replies":[{"embeddable":true,"href":"https:\/\/solartechargentina.com\/index.php\/wp-json\/wp\/v2\/comments?post=2401"}],"version-history":[{"count":88,"href":"https:\/\/solartechargentina.com\/index.php\/wp-json\/wp\/v2\/pages\/2401\/revisions"}],"predecessor-version":[{"id":4873,"href":"https:\/\/solartechargentina.com\/index.php\/wp-json\/wp\/v2\/pages\/2401\/revisions\/4873"}],"wp:attachment":[{"href":"https:\/\/solartechargentina.com\/index.php\/wp-json\/wp\/v2\/media?parent=2401"}],"curies":[{"name":"wp","href":"https:\/\/api.w.org\/{rel}","templated":true}]}}