{"id":2391,"date":"2024-06-25T14:27:47","date_gmt":"2024-06-25T17:27:47","guid":{"rendered":"https:\/\/solartechargentina.com\/?page_id=2391"},"modified":"2024-10-18T10:50:06","modified_gmt":"2024-10-18T13:50:06","slug":"sistemas-de-climatizacion","status":"publish","type":"page","link":"https:\/\/solartechargentina.com\/index.php\/sistemas-de-climatizacion\/","title":{"rendered":"Sistemas de Climatizaci\u00f3n"},"content":{"rendered":"\t\t<div data-elementor-type=\"wp-page\" data-elementor-id=\"2391\" class=\"elementor elementor-2391\" data-elementor-post-type=\"page\">\n\t\t\t\t\t\t<section class=\"elementor-section elementor-top-section elementor-element elementor-element-5dbc9b1 elementor-section-boxed elementor-section-height-default elementor-section-height-default wpr-particle-no wpr-jarallax-no wpr-parallax-no wpr-sticky-section-no\" data-id=\"5dbc9b1\" data-element_type=\"section\" data-settings=\"{&quot;background_background&quot;:&quot;classic&quot;}\">\n\t\t\t\t\t\t\t<div class=\"elementor-background-overlay\"><\/div>\n\t\t\t\t\t\t\t<div class=\"elementor-container elementor-column-gap-default\">\n\t\t\t\t\t<div class=\"elementor-column elementor-col-100 elementor-top-column elementor-element elementor-element-f360432\" data-id=\"f360432\" data-element_type=\"column\">\n\t\t\t<div class=\"elementor-widget-wrap elementor-element-populated\">\n\t\t\t\t\t\t<div class=\"elementor-element elementor-element-519a4bf elementor-widget elementor-widget-heading\" data-id=\"519a4bf\" data-element_type=\"widget\" data-widget_type=\"heading.default\">\n\t\t\t\t<div class=\"elementor-widget-container\">\n\t\t\t<h2 class=\"elementor-heading-title elementor-size-default\">Sistemas de climatizaci\u00f3n<\/h2>\t\t<\/div>\n\t\t\t\t<\/div>\n\t\t\t\t\t<\/div>\n\t\t<\/div>\n\t\t\t\t\t<\/div>\n\t\t<\/section>\n\t\t\t\t<section class=\"elementor-section elementor-top-section elementor-element elementor-element-60cdf78 elementor-section-boxed elementor-section-height-default elementor-section-height-default wpr-particle-no wpr-jarallax-no wpr-parallax-no wpr-sticky-section-no\" data-id=\"60cdf78\" data-element_type=\"section\" data-settings=\"{&quot;background_background&quot;:&quot;classic&quot;}\">\n\t\t\t\t\t\t<div class=\"elementor-container elementor-column-gap-default\">\n\t\t\t\t\t<div class=\"elementor-column elementor-col-100 elementor-top-column elementor-element elementor-element-fcbe0f1\" data-id=\"fcbe0f1\" data-element_type=\"column\">\n\t\t\t<div class=\"elementor-widget-wrap elementor-element-populated\">\n\t\t\t\t<div class=\"elementor-element elementor-element-16b7b78 elementor-hidden-mobile e-con-full e-flex wpr-particle-no wpr-jarallax-no wpr-parallax-no wpr-sticky-section-no elementor-invisible e-con e-parent\" data-id=\"16b7b78\" data-element_type=\"container\" data-settings=\"{&quot;animation&quot;:&quot;zoomIn&quot;}\">\n\t\t<div class=\"elementor-element elementor-element-810c492 e-con-full e-flex wpr-particle-no wpr-jarallax-no wpr-parallax-no wpr-sticky-section-no e-con e-child\" data-id=\"810c492\" data-element_type=\"container\">\n\t\t\t\t<div class=\"elementor-element elementor-element-b7b84e4 elementor-widget elementor-widget-text-editor\" data-id=\"b7b84e4\" data-element_type=\"widget\" data-widget_type=\"text-editor.default\">\n\t\t\t\t<div class=\"elementor-widget-container\">\n\t\t\t\t\t\t\t<h4><strong>Transforma tu espacio con nuestros sistemas de climatizaci\u00f3n avanzada!<\/strong> Dise\u00f1ados para la m\u00e1xima eficiencia energ\u00e9tica, nuestros sistemas garantizan una temperatura ideal en hogares, industrias, y granjas. Con tecnolog\u00eda de control inteligente, disfruta de un ambiente perfecto mientras reduces tus costos de energ\u00eda. Vive la comodidad y contribuye a un futuro m\u00e1s verde.<\/h4>\t\t\t\t\t\t<\/div>\n\t\t\t\t<\/div>\n\t\t\t\t<\/div>\n\t\t\t\t<\/div>\n\t\t<div class=\"elementor-element elementor-element-b60357f e-con-full e-flex wpr-particle-no wpr-jarallax-no wpr-parallax-no wpr-sticky-section-no e-con e-parent\" data-id=\"b60357f\" data-element_type=\"container\" data-settings=\"{&quot;animation&quot;:&quot;none&quot;}\">\n\t\t<div class=\"elementor-element elementor-element-c5721dc e-con-full e-flex wpr-particle-no wpr-jarallax-no wpr-parallax-no wpr-sticky-section-no elementor-invisible e-con e-child\" data-id=\"c5721dc\" data-element_type=\"container\" data-settings=\"{&quot;background_background&quot;:&quot;classic&quot;,&quot;animation&quot;:&quot;zoomIn&quot;,&quot;animation_delay&quot;:200}\">\n\t\t\t\t<div class=\"elementor-element elementor-element-1e9272d elementor-widget elementor-widget-image\" data-id=\"1e9272d\" data-element_type=\"widget\" data-widget_type=\"image.default\">\n\t\t\t\t<div class=\"elementor-widget-container\">\n\t\t\t\t\t\t\t\t\t\t\t\t\t<img fetchpriority=\"high\" decoding=\"async\" width=\"848\" height=\"440\" src=\"https:\/\/solartechargentina.com\/wp-content\/uploads\/2024\/07\/nebulizacion-blog01.jpg\" class=\"attachment-full size-full wp-image-4465\" alt=\"\" srcset=\"https:\/\/solartechargentina.com\/wp-content\/uploads\/2024\/07\/nebulizacion-blog01.jpg 848w, https:\/\/solartechargentina.com\/wp-content\/uploads\/2024\/07\/nebulizacion-blog01-300x156.jpg 300w, https:\/\/solartechargentina.com\/wp-content\/uploads\/2024\/07\/nebulizacion-blog01-768x398.jpg 768w\" sizes=\"(max-width: 848px) 100vw, 848px\" \/>\t\t\t\t\t\t\t\t\t\t\t\t\t<\/div>\n\t\t\t\t<\/div>\n\t\t\t\t<div class=\"elementor-element elementor-element-e2f9e07 elementor-view-default elementor-position-top elementor-mobile-position-top elementor-widget elementor-widget-icon-box\" data-id=\"e2f9e07\" data-element_type=\"widget\" data-widget_type=\"icon-box.default\">\n\t\t\t\t<div class=\"elementor-widget-container\">\n\t\t\t\t\t<div class=\"elementor-icon-box-wrapper\">\n\n\t\t\t\t\t\t<div class=\"elementor-icon-box-icon\">\n\t\t\t\t<span  class=\"elementor-icon elementor-animation-\">\n\t\t\t\t<svg aria-hidden=\"true\" class=\"e-font-icon-svg e-far-window-minimize\" viewBox=\"0 0 512 512\" xmlns=\"http:\/\/www.w3.org\/2000\/svg\"><path d=\"M480 480H32c-17.7 0-32-14.3-32-32s14.3-32 32-32h448c17.7 0 32 14.3 32 32s-14.3 32-32 32z\"><\/path><\/svg>\t\t\t\t<\/span>\n\t\t\t<\/div>\n\t\t\t\n\t\t\t\t\t\t<div class=\"elementor-icon-box-content\">\n\n\t\t\t\t\t\t\t\t\t<h3 class=\"elementor-icon-box-title\">\n\t\t\t\t\t\t<span  >\n\t\t\t\t\t\t\tSistema foggy\t\t\t\t\t\t<\/span>\n\t\t\t\t\t<\/h3>\n\t\t\t\t\n\t\t\t\t\t\t\t\t\t<p class=\"elementor-icon-box-description\">\n\t\t\t\t\t\tNuestra m\u00e1quina de niebla de alta presi\u00f3n est\u00e1 dise\u00f1ada para aplicaciones de nebulizaci\u00f3n inteligente, proporcionando un control preciso y eficiente de la humedad, refrigeraci\u00f3n y eliminaci\u00f3n de polvo. Con una pantalla LCD y m\u00faltiples funciones de programaci\u00f3n, esta m\u00e1quina asegura un rendimiento \u00f3ptimo en diversas condiciones.\t\t\t\t\t<\/p>\n\t\t\t\t\n\t\t\t<\/div>\n\t\t\t\n\t\t<\/div>\n\t\t\t\t<\/div>\n\t\t\t\t<\/div>\n\t\t\t\t<div class=\"elementor-element elementor-element-c4295a7 wpr-button-icon-style-inline wpr-button-icon-position-right elementor-widget elementor-widget-wpr-button\" data-id=\"c4295a7\" data-element_type=\"widget\" data-widget_type=\"wpr-button.default\">\n\t\t\t\t<div class=\"elementor-widget-container\">\n\t\t\t\t\n\t\t\t\n\t\t\n\t\t<div class=\"wpr-button-wrap elementor-clearfix\">\n\t\t<a class=\"wpr-button wpr-button-effect wpr-button-none\" data-text=\"Go\" href=\"https:\/\/solartechargentina.com\/index.php\/sistemas-foggy\/\">\n\t\t\t\n\t\t\t<span class=\"wpr-button-content\">\n\t\t\t\t\t\t\t\t\t<span class=\"wpr-button-text\">Ver mas<\/span>\n\t\t\t\t\t\t\t\t\n\t\t\t\t\t\t\t<\/span>\n\t\t<\/a>\n\n\t\t\t\t<\/div>\n\t\n\t\n\t\t\t<\/div>\n\t\t\t\t<\/div>\n\t\t\t\t<\/div>\n\t\t\t\t<\/div>\n\t\t\t\t\t<\/div>\n\t\t<\/div>\n\t\t\t\t\t<\/div>\n\t\t<\/section>\n\t\t\t\t<\/div>\n\t\t","protected":false},"excerpt":{"rendered":"<p>Sistemas de climatizaci\u00f3n Transforma tu espacio con nuestros sistemas de climatizaci\u00f3n avanzada! Dise\u00f1ados para la m\u00e1xima eficiencia energ\u00e9tica, nuestros sistemas garantizan una temperatura ideal en hogares, industrias, y granjas. Con tecnolog\u00eda de control inteligente, disfruta de un ambiente perfecto mientras reduces tus costos de energ\u00eda. Vive la comodidad y contribuye a un futuro m\u00e1s verde. Sistema foggy Nuestra m\u00e1quina de niebla de alta presi\u00f3n est\u00e1 dise\u00f1ada para aplicaciones de nebulizaci\u00f3n inteligente, proporcionando un control preciso y eficiente de la humedad, refrigeraci\u00f3n y eliminaci\u00f3n de polvo. Con una pantalla LCD y m\u00faltiples funciones de programaci\u00f3n, esta m\u00e1quina asegura un rendimiento \u00f3ptimo en diversas condiciones. Ver mas<\/p>\n","protected":false},"author":1,"featured_media":0,"parent":0,"menu_order":0,"comment_status":"closed","ping_status":"closed","template":"elementor_canvas","meta":{"_joinchat":[],"footnotes":""},"_links":{"self":[{"href":"https:\/\/solartechargentina.com\/index.php\/wp-json\/wp\/v2\/pages\/2391"}],"collection":[{"href":"https:\/\/solartechargentina.com\/index.php\/wp-json\/wp\/v2\/pages"}],"about":[{"href":"https:\/\/solartechargentina.com\/index.php\/wp-json\/wp\/v2\/types\/page"}],"author":[{"embeddable":true,"href":"https:\/\/solartechargentina.com\/index.php\/wp-json\/wp\/v2\/users\/1"}],"replies":[{"embeddable":true,"href":"https:\/\/solartechargentina.com\/index.php\/wp-json\/wp\/v2\/comments?post=2391"}],"version-history":[{"count":220,"href":"https:\/\/solartechargentina.com\/index.php\/wp-json\/wp\/v2\/pages\/2391\/revisions"}],"predecessor-version":[{"id":4852,"href":"https:\/\/solartechargentina.com\/index.php\/wp-json\/wp\/v2\/pages\/2391\/revisions\/4852"}],"wp:attachment":[{"href":"https:\/\/solartechargentina.com\/index.php\/wp-json\/wp\/v2\/media?parent=2391"}],"curies":[{"name":"wp","href":"https:\/\/api.w.org\/{rel}","templated":true}]}}